{"id":9,"date":"2025-01-20T16:02:13","date_gmt":"2025-01-20T16:02:13","guid":{"rendered":"https:\/\/www.readaptation-valais.ch\/?page_id=9"},"modified":"2025-01-20T16:02:13","modified_gmt":"2025-01-20T16:02:13","slug":"a-propos","status":"publish","type":"page","link":"https:\/\/www.readaptation-valais.ch\/les-5-cliniques-de-readaptation-en-valais\/a-propos\/","title":{"rendered":"\u00c0 propos"},"content":{"rendered":"\n<div class=\"wp-block-cover alignfull\" style=\"min-height:600px;aspect-ratio:unset;\"><span aria-hidden=\"true\" class=\"wp-block-cover__background has-nv-light-bg-background-color has-background-dim-100 has-background-dim\"><\/span><div class=\"wp-block-cover__inner-container is-layout-flow wp-block-cover-is-layout-flow\">\n<div class=\"wp-block-group\"><div class=\"wp-block-group__inner-container is-layout-flow wp-block-group-is-layout-flow\">\n<div style=\"height:80px\" aria-hidden=\"true\" class=\"wp-block-spacer\"><\/div>\n\n\n\n<div class=\"wp-block-columns are-vertically-aligned-center has-neve-text-color-color has-text-color is-layout-flex wp-container-core-columns-is-layout-9d6595d7 wp-block-columns-is-layout-flex\">\n<div class=\"wp-block-column is-vertically-aligned-center is-layout-flow wp-block-column-is-layout-flow\" style=\"padding-right:var(--wp--preset--spacing--30);padding-left:var(--wp--preset--spacing--30);flex-basis:50%\">\n<figure class=\"wp-block-image size-full has-custom-border\"><img loading=\"lazy\" decoding=\"async\" width=\"2560\" height=\"1706\" src=\"https:\/\/www.readaptation-valais.ch\/wp-content\/uploads\/2025\/01\/2023-hug-activite-5000-c-thierrySermier-71-scaled.jpg\" alt=\"\" class=\"wp-image-48\" style=\"border-radius:16px\" srcset=\"https:\/\/www.readaptation-valais.ch\/wp-content\/uploads\/2025\/01\/2023-hug-activite-5000-c-thierrySermier-71-scaled.jpg 2560w, https:\/\/www.readaptation-valais.ch\/wp-content\/uploads\/2025\/01\/2023-hug-activite-5000-c-thierrySermier-71-300x200.jpg 300w, https:\/\/www.readaptation-valais.ch\/wp-content\/uploads\/2025\/01\/2023-hug-activite-5000-c-thierrySermier-71-1024x683.jpg 1024w, https:\/\/www.readaptation-valais.ch\/wp-content\/uploads\/2025\/01\/2023-hug-activite-5000-c-thierrySermier-71-768x512.jpg 768w, https:\/\/www.readaptation-valais.ch\/wp-content\/uploads\/2025\/01\/2023-hug-activite-5000-c-thierrySermier-71-1536x1024.jpg 1536w, https:\/\/www.readaptation-valais.ch\/wp-content\/uploads\/2025\/01\/2023-hug-activite-5000-c-thierrySermier-71-2048x1365.jpg 2048w, https:\/\/www.readaptation-valais.ch\/wp-content\/uploads\/2025\/01\/2023-hug-activite-5000-c-thierrySermier-71-930x620.jpg 930w\" sizes=\"auto, (max-width: 2560px) 100vw, 2560px\" \/><\/figure>\n<\/div>\n\n\n\n<div class=\"wp-block-column is-vertically-aligned-center is-layout-flow wp-block-column-is-layout-flow\" style=\"padding-top:0;padding-right:var(--wp--preset--spacing--30);padding-bottom:0;padding-left:var(--wp--preset--spacing--30);flex-basis:50%\">\n<h2 class=\"wp-block-heading has-neve-text-color-color has-text-color\">La r\u00e9adaptation<\/h2>\n\n\n\n<p class=\"has-neve-text-color-color has-text-color\">La R\u00e9adaptation, selon la d\u00e9finition qu&rsquo;en donne l&rsquo;Organisation Mondiale de la Sant\u00e9 (1968), est: \u00abL&rsquo;usage combin\u00e9 et coordonn\u00e9 de mesures m\u00e9dicales, sociales, \u00e9ducatives et professionnelles, pour entra\u00eener ou r\u00e9-entra\u00eener l&rsquo;individu, \u00e0 son plus haut niveau de capacit\u00e9 fonctionnelle.\u00bb<br><br><br><\/p>\n\n\n\n<p class=\"has-neve-text-color-color has-text-color\">Le climat particuli\u00e8rement ensoleill\u00e9, la beaut\u00e9 des montagnes et les emplacements en plein nature permettent au patients des cliniques valaisans de r\u00e9adaptation d&rsquo;augmenter leur rayon d&rsquo;action en fonction de ses capacit\u00e9s retrouv\u00e9es. Pour certain patients c&rsquo;est l&rsquo;\u00e9loignement du lieu de vie qui favorise \u00e9galement une mise \u00e0 distance des facteurs de stress et d&rsquo;anxi\u00e9t\u00e9. Il permet au patient de se centrer sur lui et sur ses besoins.&nbsp;<\/p>\n<\/div>\n<\/div>\n\n\n\n<div style=\"height:40px\" aria-hidden=\"true\" class=\"wp-block-spacer\"><\/div>\n<\/div><\/div>\n<\/div><\/div>\n","protected":false},"excerpt":{"rendered":"","protected":false},"author":2,"featured_media":0,"parent":0,"menu_order":0,"comment_status":"closed","ping_status":"closed","template":"","meta":{"neve_meta_sidebar":"","neve_meta_container":"","neve_meta_enable_content_width":"on","neve_meta_content_width":100,"neve_meta_title_alignment":"","neve_meta_author_avatar":"","neve_post_elements_order":"","neve_meta_disable_header":"","neve_meta_disable_footer":"","neve_meta_disable_title":"on","footnotes":""},"class_list":["post-9","page","type-page","status-publish","hentry"],"_links":{"self":[{"href":"https:\/\/www.readaptation-valais.ch\/les-5-cliniques-de-readaptation-en-valais\/wp-json\/wp\/v2\/pages\/9","targetHints":{"allow":["GET"]}}],"collection":[{"href":"https:\/\/www.readaptation-valais.ch\/les-5-cliniques-de-readaptation-en-valais\/wp-json\/wp\/v2\/pages"}],"about":[{"href":"https:\/\/www.readaptation-valais.ch\/les-5-cliniques-de-readaptation-en-valais\/wp-json\/wp\/v2\/types\/page"}],"author":[{"embeddable":true,"href":"https:\/\/www.readaptation-valais.ch\/les-5-cliniques-de-readaptation-en-valais\/wp-json\/wp\/v2\/users\/2"}],"replies":[{"embeddable":true,"href":"https:\/\/www.readaptation-valais.ch\/les-5-cliniques-de-readaptation-en-valais\/wp-json\/wp\/v2\/comments?post=9"}],"version-history":[{"count":2,"href":"https:\/\/www.readaptation-valais.ch\/les-5-cliniques-de-readaptation-en-valais\/wp-json\/wp\/v2\/pages\/9\/revisions"}],"predecessor-version":[{"id":64,"href":"https:\/\/www.readaptation-valais.ch\/les-5-cliniques-de-readaptation-en-valais\/wp-json\/wp\/v2\/pages\/9\/revisions\/64"}],"wp:attachment":[{"href":"https:\/\/www.readaptation-valais.ch\/les-5-cliniques-de-readaptation-en-valais\/wp-json\/wp\/v2\/media?parent=9"}],"curies":[{"name":"wp","href":"https:\/\/api.w.org\/{rel}","templated":true}]}}