{"id":8,"date":"2025-01-06T12:45:33","date_gmt":"2025-01-06T12:45:33","guid":{"rendered":"https:\/\/www.readaptation-valais.ch\/?page_id=8"},"modified":"2025-02-04T07:20:40","modified_gmt":"2025-02-04T07:20:40","slug":"les-5-cliniques-de-readaptation-en-valais","status":"publish","type":"page","link":"https:\/\/www.readaptation-valais.ch\/les-5-cliniques-de-readaptation-en-valais\/","title":{"rendered":"Les cinq cliniques de r\u00e9adaptation du Valais"},"content":{"rendered":"\n<div class=\"wp-block-columns is-layout-flex wp-container-core-columns-is-layout-9d6595d7 wp-block-columns-is-layout-flex\">\n<div class=\"wp-block-column is-layout-flow wp-block-column-is-layout-flow\" style=\"flex-basis:20%\">\n<figure class=\"wp-block-image size-full is-resized\"><a href=\"https:\/\/www.crr-suva.ch\/clinique-readaptation\/carriere-797.html\" target=\"_blank\" rel=\" noreferrer noopener\"><img loading=\"lazy\" decoding=\"async\" width=\"500\" height=\"500\" src=\"https:\/\/www.readaptation-valais.ch\/wp-content\/uploads\/2025\/02\/logo-CRR-SC.png\" alt=\"\" class=\"wp-image-78\" style=\"object-fit:cover;width:150px;height:150px\" srcset=\"https:\/\/www.readaptation-valais.ch\/wp-content\/uploads\/2025\/02\/logo-CRR-SC.png 500w, https:\/\/www.readaptation-valais.ch\/wp-content\/uploads\/2025\/02\/logo-CRR-SC-300x300.png 300w, https:\/\/www.readaptation-valais.ch\/wp-content\/uploads\/2025\/02\/logo-CRR-SC-150x150.png 150w\" sizes=\"auto, (max-width: 500px) 100vw, 500px\" \/><\/a><\/figure>\n<\/div>\n\n\n\n<div class=\"wp-block-column is-layout-flow wp-block-column-is-layout-flow\" style=\"flex-basis:20%\">\n<figure class=\"wp-block-image size-full is-resized\"><a href=\"https:\/\/www.hug.ch\/crans-montana\/offres-emploi\" target=\"_blank\" rel=\" noreferrer noopener\"><img loading=\"lazy\" decoding=\"async\" width=\"500\" height=\"500\" src=\"https:\/\/www.readaptation-valais.ch\/wp-content\/uploads\/2025\/01\/HUG-CCM-1.png\" alt=\"\" class=\"wp-image-33\" style=\"object-fit:cover;width:150px;height:150px\" srcset=\"https:\/\/www.readaptation-valais.ch\/wp-content\/uploads\/2025\/01\/HUG-CCM-1.png 500w, https:\/\/www.readaptation-valais.ch\/wp-content\/uploads\/2025\/01\/HUG-CCM-1-300x300.png 300w, https:\/\/www.readaptation-valais.ch\/wp-content\/uploads\/2025\/01\/HUG-CCM-1-150x150.png 150w\" sizes=\"auto, (max-width: 500px) 100vw, 500px\" \/><\/a><\/figure>\n<\/div>\n\n\n\n<div class=\"wp-block-column is-layout-flow wp-block-column-is-layout-flow\" style=\"flex-basis:20%\">\n<figure class=\"wp-block-image size-full is-resized\"><a href=\"https:\/\/bernerklinik.ch\/fr\/emploi-et-carriere\/la-clinique-en-tant-quemployeur\/\" target=\"_blank\" rel=\" noreferrer noopener\"><img loading=\"lazy\" decoding=\"async\" width=\"500\" height=\"500\" src=\"https:\/\/www.readaptation-valais.ch\/wp-content\/uploads\/2025\/01\/Bernoise.png\" alt=\"\" class=\"wp-image-36\" style=\"object-fit:cover;width:150px;height:148px\" srcset=\"https:\/\/www.readaptation-valais.ch\/wp-content\/uploads\/2025\/01\/Bernoise.png 500w, https:\/\/www.readaptation-valais.ch\/wp-content\/uploads\/2025\/01\/Bernoise-300x300.png 300w, https:\/\/www.readaptation-valais.ch\/wp-content\/uploads\/2025\/01\/Bernoise-150x150.png 150w\" sizes=\"auto, (max-width: 500px) 100vw, 500px\" \/><\/a><\/figure>\n<\/div>\n\n\n\n<div class=\"wp-block-column is-vertically-aligned-top is-layout-flow wp-block-column-is-layout-flow\" style=\"flex-basis:20%\">\n<figure class=\"wp-block-image size-full is-resized\"><a href=\"https:\/\/leukerbadclinic.ch\/fr\/page\/jobs\" target=\"_blank\" rel=\" noreferrer noopener\"><img loading=\"lazy\" decoding=\"async\" width=\"500\" height=\"500\" src=\"https:\/\/www.readaptation-valais.ch\/wp-content\/uploads\/2025\/01\/Leukerbad-1.png\" alt=\"\" class=\"wp-image-37\" style=\"object-fit:cover;width:150px;height:150px\" srcset=\"https:\/\/www.readaptation-valais.ch\/wp-content\/uploads\/2025\/01\/Leukerbad-1.png 500w, https:\/\/www.readaptation-valais.ch\/wp-content\/uploads\/2025\/01\/Leukerbad-1-300x300.png 300w, https:\/\/www.readaptation-valais.ch\/wp-content\/uploads\/2025\/01\/Leukerbad-1-150x150.png 150w\" sizes=\"auto, (max-width: 500px) 100vw, 500px\" \/><\/a><\/figure>\n<\/div>\n\n\n\n<div class=\"wp-block-column is-layout-flow wp-block-column-is-layout-flow\" style=\"flex-basis:20%\">\n<figure class=\"wp-block-image size-full is-resized\"><a href=\"https:\/\/www.lhm.ch\/fr\/allgemein\/jobs\" target=\"_blank\" rel=\" noreferrer noopener\"><img loading=\"lazy\" decoding=\"async\" width=\"500\" height=\"500\" src=\"https:\/\/www.readaptation-valais.ch\/wp-content\/uploads\/2025\/01\/LHM-1.png\" alt=\"\" class=\"wp-image-35\" style=\"object-fit:cover;width:150px;height:150px\" srcset=\"https:\/\/www.readaptation-valais.ch\/wp-content\/uploads\/2025\/01\/LHM-1.png 500w, https:\/\/www.readaptation-valais.ch\/wp-content\/uploads\/2025\/01\/LHM-1-300x300.png 300w, https:\/\/www.readaptation-valais.ch\/wp-content\/uploads\/2025\/01\/LHM-1-150x150.png 150w\" sizes=\"auto, (max-width: 500px) 100vw, 500px\" \/><\/a><\/figure>\n<\/div>\n<\/div>\n\n\n\n<figure class=\"wp-block-image\"><img loading=\"lazy\" decoding=\"async\" width=\"2366\" height=\"1371\" src=\"https:\/\/www.readaptation-valais.ch\/wp-content\/uploads\/2025\/01\/Image-web-5-cliniques.png\" alt=\"\" class=\"wp-image-38\" srcset=\"https:\/\/www.readaptation-valais.ch\/wp-content\/uploads\/2025\/01\/Image-web-5-cliniques.png 2366w, https:\/\/www.readaptation-valais.ch\/wp-content\/uploads\/2025\/01\/Image-web-5-cliniques-300x174.png 300w, https:\/\/www.readaptation-valais.ch\/wp-content\/uploads\/2025\/01\/Image-web-5-cliniques-1024x593.png 1024w, https:\/\/www.readaptation-valais.ch\/wp-content\/uploads\/2025\/01\/Image-web-5-cliniques-768x445.png 768w, https:\/\/www.readaptation-valais.ch\/wp-content\/uploads\/2025\/01\/Image-web-5-cliniques-1536x890.png 1536w, https:\/\/www.readaptation-valais.ch\/wp-content\/uploads\/2025\/01\/Image-web-5-cliniques-2048x1187.png 2048w\" sizes=\"auto, (max-width: 2366px) 100vw, 2366px\" \/><\/figure>\n\n\n\n<h5 class=\"wp-block-heading has-text-color has-link-color wp-elements-a374c75b26b79d8e1c424d75e4c215fa\" style=\"color:#30446e\"><br>Envie d\u2019un m\u00e9tier o\u00f9 tu peux vraiment faire la diff\u00e9rence ? La r\u00e9adaptation, c\u2019est bien plus qu\u2019un job : c\u2019est une vocation o\u00f9 tu accompagnes des patients \u00e0 retrouver leur autonomie et leur qualit\u00e9 de vie. Que ce soit apr\u00e8s un accident, une maladie ou une intervention, tu seras au c\u0153ur de leur parcours de gu\u00e9rison.<\/h5>\n\n\n\n<div class=\"wp-block-cover alignfull has-nv-text-dark-bg-color has-text-color has-link-color wp-elements-c828d644e9bbe27bba11c70a6737cb19\" style=\"min-height:420px;aspect-ratio:unset;\"><span aria-hidden=\"true\" class=\"wp-block-cover__background has-background-dim-100 has-background-dim has-background-gradient\" style=\"background:linear-gradient(135deg,rgb(69,101,130) 0%,rgb(15,133,151) 100%)\"><\/span><div class=\"wp-block-cover__inner-container is-layout-flow wp-block-cover-is-layout-flow\">\n<div style=\"height:80px\" aria-hidden=\"true\" class=\"wp-block-spacer\"><\/div>\n\n\n\n<div class=\"wp-block-columns is-layout-flex wp-container-core-columns-is-layout-9d6595d7 wp-block-columns-is-layout-flex\">\n<div class=\"wp-block-column ticss-4ce656f1 is-layout-flow wp-block-column-is-layout-flow\"><div class=\"wp-block-image is-style-rounded\">\n<figure class=\"aligncenter size-full is-resized\"><img loading=\"lazy\" decoding=\"async\" width=\"500\" height=\"500\" src=\"https:\/\/www.readaptation-valais.ch\/wp-content\/uploads\/2025\/01\/Avatar-Medecin.png\" alt=\"\" class=\"wp-image-42\" style=\"width:184px;height:auto\" srcset=\"https:\/\/www.readaptation-valais.ch\/wp-content\/uploads\/2025\/01\/Avatar-Medecin.png 500w, https:\/\/www.readaptation-valais.ch\/wp-content\/uploads\/2025\/01\/Avatar-Medecin-300x300.png 300w, https:\/\/www.readaptation-valais.ch\/wp-content\/uploads\/2025\/01\/Avatar-Medecin-150x150.png 150w\" sizes=\"auto, (max-width: 500px) 100vw, 500px\" \/><\/figure>\n<\/div>\n\n\n<div style=\"height:24px\" aria-hidden=\"true\" class=\"wp-block-spacer\"><\/div>\n\n\n\n<p class=\"has-text-align-center has-nv-text-dark-bg-color has-text-color has-link-color wp-elements-bf20ff416edb3c0c4bcc571aeaae6723\">\u201cC&rsquo;est comme un match de foot: chaque joueur a un r\u00f4le, mais on gagne seulement si on joue ensemble !\u201c<\/p>\n\n\n\n<p class=\"has-text-align-center has-nv-text-dark-bg-color has-text-color has-small-font-size\" style=\"text-transform:uppercase\">Zo\u00eb, m\u00e9decin interne<\/p>\n\n\n\n<div style=\"height:20px\" aria-hidden=\"true\" class=\"wp-block-spacer\"><\/div>\n<\/div>\n\n\n\n<div class=\"wp-block-column ticss-f6fc7494 is-layout-flow wp-block-column-is-layout-flow\"><div class=\"wp-block-image is-style-rounded\">\n<figure class=\"aligncenter size-full is-resized\"><img loading=\"lazy\" decoding=\"async\" width=\"500\" height=\"500\" src=\"https:\/\/www.readaptation-valais.ch\/wp-content\/uploads\/2025\/01\/Therapeute.png\" alt=\"\" class=\"wp-image-43\" style=\"width:184px;height:auto\" srcset=\"https:\/\/www.readaptation-valais.ch\/wp-content\/uploads\/2025\/01\/Therapeute.png 500w, https:\/\/www.readaptation-valais.ch\/wp-content\/uploads\/2025\/01\/Therapeute-300x300.png 300w, https:\/\/www.readaptation-valais.ch\/wp-content\/uploads\/2025\/01\/Therapeute-150x150.png 150w\" sizes=\"auto, (max-width: 500px) 100vw, 500px\" \/><\/figure>\n<\/div>\n\n\n<div style=\"height:24px\" aria-hidden=\"true\" class=\"wp-block-spacer\"><\/div>\n\n\n\n<p class=\"has-text-align-center has-nv-text-dark-bg-color has-text-color\">\u201cDes m\u00e9tiers vari\u00e9s, jamais monotones.\u201d<\/p>\n\n\n\n<p class=\"has-text-align-center has-nv-text-dark-bg-color has-text-color has-small-font-size\" style=\"text-transform:uppercase\"><strong>Matth\u00e9o, psychologue<\/strong><\/p>\n\n\n\n<div style=\"height:20px\" aria-hidden=\"true\" class=\"wp-block-spacer\"><\/div>\n<\/div>\n\n\n\n<div class=\"wp-block-column ticss-a5b4df29 is-layout-flow wp-block-column-is-layout-flow\"><div class=\"wp-block-image is-style-rounded\">\n<figure class=\"aligncenter size-full is-resized\"><img loading=\"lazy\" decoding=\"async\" width=\"500\" height=\"500\" src=\"https:\/\/www.readaptation-valais.ch\/wp-content\/uploads\/2025\/01\/Activite-physique.png\" alt=\"\" class=\"wp-image-44\" style=\"width:180px;height:auto\" srcset=\"https:\/\/www.readaptation-valais.ch\/wp-content\/uploads\/2025\/01\/Activite-physique.png 500w, https:\/\/www.readaptation-valais.ch\/wp-content\/uploads\/2025\/01\/Activite-physique-300x300.png 300w, https:\/\/www.readaptation-valais.ch\/wp-content\/uploads\/2025\/01\/Activite-physique-150x150.png 150w\" sizes=\"auto, (max-width: 500px) 100vw, 500px\" \/><\/figure>\n<\/div>\n\n\n<div style=\"height:24px\" aria-hidden=\"true\" class=\"wp-block-spacer\"><\/div>\n\n\n\n<p class=\"has-text-align-center has-nv-text-dark-bg-color has-text-color\">\u201cTu d\u00e9couvres de nouvelles choses en bossant avec d&rsquo;autres experts.\u201d<\/p>\n\n\n\n<p class=\"has-text-align-center has-nv-text-dark-bg-color has-text-color has-small-font-size\" style=\"text-transform:uppercase\"><strong>Louis, Intervenant en activit\u00e9 physique adapt\u00e9e &#8211; APA<\/strong><\/p>\n\n\n\n<div style=\"height:20px\" aria-hidden=\"true\" class=\"wp-block-spacer\"><\/div>\n<\/div>\n<\/div>\n\n\n\n<div style=\"height:0px\" aria-hidden=\"true\" class=\"wp-block-spacer\"><\/div>\n<\/div><\/div>\n\n\n\n<div style=\"height:40px\" aria-hidden=\"true\" class=\"wp-block-spacer\"><\/div>\n\n\n\n<div class=\"wp-block-cover alignfull\" style=\"min-height:600px;aspect-ratio:unset;\"><span aria-hidden=\"true\" class=\"wp-block-cover__background has-nv-light-bg-background-color has-background-dim-80 has-background-dim\"><\/span><div class=\"wp-block-cover__inner-container is-layout-flow wp-block-cover-is-layout-flow\">\n<div class=\"wp-block-group\"><div class=\"wp-block-group__inner-container is-layout-flow wp-block-group-is-layout-flow\">\n<div class=\"wp-block-columns is-layout-flex wp-container-core-columns-is-layout-9d6595d7 wp-block-columns-is-layout-flex\">\n<div class=\"wp-block-column is-layout-flow wp-block-column-is-layout-flow\" style=\"flex-basis:60%\">\n<div class=\"wp-block-group is-vertical is-content-justification-center is-layout-flex wp-container-core-group-is-layout-4b2eccd6 wp-block-group-is-layout-flex\">\n<p class=\"has-text-align-center has-text-color has-link-color wp-elements-fb1e6421680a2f63d58707e81c879e5e\" style=\"color:#19663c\"> <a href=\"https:\/\/www.orientation.ch\/dyn\/show\/1900?lang=fr&amp;idx=30&amp;id=762\" data-type=\"link\" data-id=\"https:\/\/www.orientation.ch\/dyn\/show\/1900?lang=fr&amp;idx=30&amp;id=762\" target=\"_blank\" rel=\"noreferrer noopener\">M\u00e9decin en m\u00e9decine interne<\/a> | <a href=\"https:\/\/www.orientation.ch\/dyn\/show\/1900?lang=fr&amp;idx=30&amp;id=783\" data-type=\"link\" data-id=\"https:\/\/www.orientation.ch\/dyn\/show\/1900?lang=fr&amp;idx=30&amp;id=783\" target=\"_blank\" rel=\"noreferrer noopener\">M\u00e9decin en neurologie<\/a> | <a href=\"https:\/\/www.orientation.ch\/dyn\/show\/1900?lang=fr&amp;idx=30&amp;id=824\" data-type=\"link\" data-id=\"https:\/\/www.orientation.ch\/dyn\/show\/1900?lang=fr&amp;idx=30&amp;id=824\" target=\"_blank\" rel=\"noreferrer noopener\">M\u00e9decin psychiatre<\/a> | <a href=\"https:\/\/www.orientation.ch\/dyn\/show\/1900?lang=fr&amp;idx=30&amp;id=504\" data-type=\"link\" data-id=\"https:\/\/www.orientation.ch\/dyn\/show\/1900?lang=fr&amp;idx=30&amp;id=504\" target=\"_blank\" rel=\"noreferrer noopener\">Docteur en acupuncture<\/a>| <a href=\"https:\/\/www.orientation.ch\/dyn\/show\/1900?lang=fr&amp;idx=30&amp;id=825\" target=\"_blank\" rel=\"noreferrer noopener\">Neuropsychologue <\/a>| <a href=\"https:\/\/www.orientation.ch\/dyn\/show\/1900?lang=fr&amp;idx=30&amp;id=845\" data-type=\"link\" data-id=\"https:\/\/www.orientation.ch\/dyn\/show\/1900?lang=fr&amp;idx=30&amp;id=845\" target=\"_blank\" rel=\"noreferrer noopener\">Secr\u00e9taire m\u00e9dical-e<\/a> | <a href=\"https:\/\/www.orientation.ch\/dyn\/show\/1900?lang=fr&amp;idx=30&amp;id=1328\" data-type=\"link\" data-id=\"https:\/\/www.orientation.ch\/dyn\/show\/1900?lang=fr&amp;idx=30&amp;id=1328\" target=\"_blank\" rel=\"noreferrer noopener\">Infirmier \u00e8re ES<\/a> |<a href=\"https:\/\/www.orientation.ch\/dyn\/show\/1900?lang=fr&amp;idx=30&amp;id=677\" data-type=\"link\" data-id=\"https:\/\/www.orientation.ch\/dyn\/show\/1900?lang=fr&amp;idx=30&amp;id=677\" target=\"_blank\" rel=\"noreferrer noopener\"> Infirmier \u00e8re HES<\/a> | <a href=\"https:\/\/www.orientation.ch\/dyn\/show\/1900?lang=fr&amp;idx=30&amp;id=947\" data-type=\"link\" data-id=\"https:\/\/www.orientation.ch\/dyn\/show\/1900?lang=fr&amp;idx=30&amp;id=947\">Assistant-e en soins et sant\u00e9 communautaire<\/a> | <a href=\"https:\/\/www.orientation.ch\/dyn\/show\/1900?lang=fr&amp;idx=30&amp;id=19\" data-type=\"link\" data-id=\"https:\/\/www.orientation.ch\/dyn\/show\/1900?lang=fr&amp;idx=30&amp;id=19\" target=\"_blank\" rel=\"noreferrer noopener\">Assistant-e en pharmacie<\/a> | <a href=\"https:\/\/www.orientation.ch\/dyn\/show\/1900?lang=fr&amp;idx=30&amp;id=1375\" data-type=\"link\" data-id=\"https:\/\/www.orientation.ch\/dyn\/show\/1900?lang=fr&amp;idx=30&amp;id=1375\">Laborantin-e<\/a> | <a href=\"https:\/\/www.orientation.ch\/dyn\/show\/1900?lang=fr&amp;idx=30&amp;id=225\" data-type=\"link\" data-id=\"https:\/\/www.orientation.ch\/dyn\/show\/1900?lang=fr&amp;idx=30&amp;id=225\" target=\"_blank\" rel=\"noreferrer noopener\">Physioth\u00e9rapeute<\/a> | <a href=\"https:\/\/www.orientation.ch\/dyn\/show\/1900?lang=fr&amp;idx=30&amp;id=798\" data-type=\"link\" data-id=\"https:\/\/www.orientation.ch\/dyn\/show\/1900?lang=fr&amp;idx=30&amp;id=798\" target=\"_blank\" rel=\"noreferrer noopener\">Ost\u00e9opathe<\/a> | <a href=\"https:\/\/www.orientation.ch\/dyn\/show\/1900?lang=fr&amp;idx=30&amp;id=774\" data-type=\"link\" data-id=\"https:\/\/www.orientation.ch\/dyn\/show\/1900?lang=fr&amp;idx=30&amp;id=774\" target=\"_blank\" rel=\"noreferrer noopener\">Intervenant en activit\u00e9 physique adapt\u00e9e &#8211; APAI<\/a>  <a href=\"https:\/\/www.orientation.ch\/dyn\/show\/1900?lang=fr&amp;idx=30&amp;id=924\" data-type=\"link\" data-id=\"https:\/\/www.orientation.ch\/dyn\/show\/1900?lang=fr&amp;idx=30&amp;id=924\" target=\"_blank\" rel=\"noreferrer noopener\">Ergoth\u00e9rapeute<\/a> | <a href=\"https:\/\/www.orientation.ch\/dyn\/show\/1900?lang=fr&amp;idx=30&amp;id=86\" data-type=\"link\" data-id=\"https:\/\/www.orientation.ch\/dyn\/show\/1900?lang=fr&amp;idx=30&amp;id=86\" target=\"_blank\" rel=\"noreferrer noopener\">Di\u00e9t\u00e9ticlen-ne<\/a> l <a href=\"https:\/\/www.orientation.ch\/dyn\/show\/1900?lang=fr&amp;idx=30&amp;id=1738\" data-type=\"link\" data-id=\"https:\/\/www.orientation.ch\/dyn\/show\/1900?lang=fr&amp;idx=30&amp;id=1738\" target=\"_blank\" rel=\"noreferrer noopener\">Cuisinier en di\u00e9t\u00e9tique BF \/ Cuisini\u00e8re en di\u00e9t\u00e9tique BF<\/a> | <a href=\"https:\/\/www.orientation.ch\/dyn\/show\/1900?lang=fr&amp;idx=30&amp;id=736\" data-type=\"link\" data-id=\"https:\/\/www.orientation.ch\/dyn\/show\/1900?lang=fr&amp;idx=30&amp;id=736\" target=\"_blank\" rel=\"noreferrer noopener\">Logop\u00e9diste <\/a>| <a href=\"https:\/\/www.orientation.ch\/dyn\/show\/1900?lang=fr&amp;idx=30&amp;id=827\" data-type=\"link\" data-id=\"https:\/\/www.orientation.ch\/dyn\/show\/1900?lang=fr&amp;idx=30&amp;id=827\" target=\"_blank\" rel=\"noreferrer noopener\">Psychologue- phsychoth\u00e9rapeute<\/a> l <a href=\"https:\/\/www.orientation.ch\/dyn\/show\/1900?lang=fr&amp;idx=30&amp;id=531\" data-type=\"link\" data-id=\"https:\/\/www.orientation.ch\/dyn\/show\/1900?lang=fr&amp;idx=30&amp;id=531\">Art-th\u00e9rapeute<\/a> | <a href=\"https:\/\/www.orientation.ch\/dyn\/show\/1900?lang=fr&amp;idx=30&amp;id=531\" data-type=\"link\" data-id=\"https:\/\/www.orientation.ch\/dyn\/show\/1900?lang=fr&amp;idx=30&amp;id=531\">Musicoth\u00e9rapeute<\/a> | <a href=\"https:\/\/www.orientation.ch\/dyn\/show\/1900?lang=fr&amp;idx=30&amp;id=536\" data-type=\"link\" data-id=\"https:\/\/www.orientation.ch\/dyn\/show\/1900?lang=fr&amp;idx=30&amp;id=536\">Assistant-e social <\/a>| <a href=\"https:\/\/www.orientation.ch\/dyn\/show\/1900?lang=fr&amp;idx=30&amp;id=668\" data-type=\"link\" data-id=\"https:\/\/www.orientation.ch\/dyn\/show\/1900?lang=fr&amp;idx=30&amp;id=668\">Hippoth\u00e9rapeute<\/a> I<\/p>\n\n\n\n<p class=\"has-text-align-center has-text-color has-link-color wp-elements-6f4d0b0817f1ca56ad4cb939c4ebe28a\" style=\"color:#19663c\"><a href=\"https:\/\/www.orientation.ch\/dyn\/show\/1900?lang=fr&amp;idx=30&amp;id=758\" data-type=\"link\" data-id=\"https:\/\/www.orientation.ch\/dyn\/show\/1900?lang=fr&amp;idx=30&amp;id=758\" target=\"_blank\" rel=\"noreferrer noopener\">Masseur-euse m\u00e9dical-e<\/a> | <a href=\"https:\/\/www.orientation.ch\/dyn\/show\/1900?lang=fr&amp;idx=30&amp;id=99\" data-type=\"link\" data-id=\"https:\/\/www.orientation.ch\/dyn\/show\/1900?lang=fr&amp;idx=30&amp;id=99\" target=\"_blank\" rel=\"noreferrer noopener\">Secr\u00e9taire de th\u00e9rapie | Secr\u00e9taire | Comptable | R\u00e9ceptionniste<\/a> | <a href=\"https:\/\/www.orientation.ch\/dyn\/show\/1900?lang=fr&amp;idx=30&amp;id=152\" data-type=\"link\" data-id=\"https:\/\/www.orientation.ch\/dyn\/show\/1900?lang=fr&amp;idx=30&amp;id=152\" target=\"_blank\" rel=\"noreferrer noopener\">Informaticien-ne<\/a> \/ <a href=\"https:\/\/www.orientation.ch\/dyn\/show\/1900?lang=fr&amp;idx=30&amp;id=872\" data-type=\"link\" data-id=\"https:\/\/www.orientation.ch\/dyn\/show\/1900?lang=fr&amp;idx=30&amp;id=872\" target=\"_blank\" rel=\"noreferrer noopener\">Collaborateur-trice Marketing<\/a> | <a href=\"https:\/\/www.orientation.ch\/dyn\/show\/1900?lang=fr&amp;idx=30&amp;id=927\" data-type=\"link\" data-id=\"https:\/\/www.orientation.ch\/dyn\/show\/1900?lang=fr&amp;idx=30&amp;id=927\" target=\"_blank\" rel=\"noreferrer noopener\">Assistant-e \/ Sp\u00e9cialiste en Ressources Humaines<\/a> | <a href=\"https:\/\/www.orientation.ch\/dyn\/show\/1900?lang=fr&amp;idx=30&amp;id=533\" data-type=\"link\" data-id=\"https:\/\/www.orientation.ch\/dyn\/show\/1900?lang=fr&amp;idx=30&amp;id=533\" target=\"_blank\" rel=\"noreferrer noopener\">Assistant-e de Direction<\/a> | <a href=\"https:\/\/www.orientation.ch\/dyn\/show\/1900?lang=fr&amp;idx=30&amp;id=1583\" data-type=\"link\" data-id=\"https:\/\/www.orientation.ch\/dyn\/show\/1900?lang=fr&amp;idx=30&amp;id=1583\">Collaborateur-trice Service Technique<\/a> | <a href=\"https:\/\/www.orientation.ch\/dyn\/show\/1900?lang=fr&amp;idx=30&amp;id=68\" data-type=\"link\" data-id=\"https:\/\/www.orientation.ch\/dyn\/show\/1900?lang=fr&amp;idx=30&amp;id=68\" target=\"_blank\" rel=\"noreferrer noopener\">Cuisinier-\u00e8re | Apprenti-e cuisinier-\u00e8re<\/a> | <a href=\"https:\/\/www.orientation.ch\/dyn\/show\/1900?lang=fr&amp;idx=30&amp;id=1040\" data-type=\"link\" data-id=\"https:\/\/www.orientation.ch\/dyn\/show\/1900?lang=fr&amp;idx=30&amp;id=1040\" target=\"_blank\" rel=\"noreferrer noopener\">Aide de culsine<\/a> | <a href=\"https:\/\/www.orientation.ch\/dyn\/show\/1900?lang=fr&amp;idx=30&amp;id=1075\" data-type=\"link\" data-id=\"https:\/\/www.orientation.ch\/dyn\/show\/1900?lang=fr&amp;idx=30&amp;id=1075\" target=\"_blank\" rel=\"noreferrer noopener\">Agent d&rsquo;exploitation<\/a> |  <a href=\"https:\/\/www.orientation.ch\/dyn\/show\/1900?lang=fr&amp;idx=30&amp;id=277\" data-type=\"link\" data-id=\"https:\/\/www.orientation.ch\/dyn\/show\/1900?lang=fr&amp;idx=30&amp;id=277\" target=\"_blank\" rel=\"noreferrer noopener\">Gestionnaire hotellerie &#8211; intendance<\/a> |  <\/p>\n\n\n\n<p class=\"has-text-align-center has-text-color has-link-color wp-elements-b932c1e921e461a6383659bd146b09c1\" style=\"color:#19663c\"><a href=\"https:\/\/www.orientation.ch\/dyn\/show\/1900?lang=fr&amp;idx=30&amp;id=1315\" data-type=\"link\" data-id=\"https:\/\/www.orientation.ch\/dyn\/show\/1900?lang=fr&amp;idx=30&amp;id=1315\">Collaborateur-trice Hotellerie-Intendance<\/a> | <a href=\"https:\/\/www.orientation.ch\/dyn\/show\/1900?lang=fr&amp;idx=30&amp;id=1573\" data-type=\"link\" data-id=\"https:\/\/www.orientation.ch\/dyn\/show\/1900?lang=fr&amp;idx=30&amp;id=1573\" target=\"_blank\" rel=\"noreferrer noopener\">Chauffeur-e<\/a> | <a href=\"https:\/\/www.orientation.ch\/dyn\/show\/1900?lang=fr&amp;idx=30&amp;id=509\" data-type=\"link\" data-id=\"https:\/\/www.orientation.ch\/dyn\/show\/1900?lang=fr&amp;idx=30&amp;id=509\" target=\"_blank\" rel=\"noreferrer noopener\">Agent de s\u00e9curit\u00e9<\/a> | <\/p>\n\n\n\n<div style=\"height:0px\" aria-hidden=\"true\" class=\"wp-block-spacer wp-container-content-541a6b20\"><\/div>\n<\/div>\n<\/div>\n<\/div>\n<\/div><\/div>\n<\/div><\/div>\n\n\n\n<p><\/p>\n","protected":false},"excerpt":{"rendered":"<p>Envie d\u2019un m\u00e9tier o\u00f9 tu peux vraiment faire la diff\u00e9rence ? La r\u00e9adaptation, c\u2019est bien plus qu\u2019un job : c\u2019est une vocation o\u00f9 tu accompagnes des patients \u00e0 retrouver leur autonomie et leur qualit\u00e9 de vie. Que ce soit apr\u00e8s un accident, une maladie ou une intervention, tu seras au c\u0153ur de leur parcours de&hellip;&nbsp;<a href=\"https:\/\/www.readaptation-valais.ch\/les-5-cliniques-de-readaptation-en-valais\/\" rel=\"bookmark\">Lire la suite &raquo;<span class=\"screen-reader-text\">Les cinq cliniques de r\u00e9adaptation du Valais<\/span><\/a><\/p>\n","protected":false},"author":2,"featured_media":0,"parent":0,"menu_order":-4,"comment_status":"closed","ping_status":"closed","template":"","meta":{"neve_meta_sidebar":"full-width","neve_meta_container":"full-width","neve_meta_enable_content_width":"on","neve_meta_content_width":100,"neve_meta_title_alignment":"","neve_meta_author_avatar":"","neve_post_elements_order":"","neve_meta_disable_header":"on","neve_meta_disable_footer":"on","neve_meta_disable_title":"on","footnotes":""},"class_list":["post-8","page","type-page","status-publish","hentry"],"_links":{"self":[{"href":"https:\/\/www.readaptation-valais.ch\/les-5-cliniques-de-readaptation-en-valais\/wp-json\/wp\/v2\/pages\/8","targetHints":{"allow":["GET"]}}],"collection":[{"href":"https:\/\/www.readaptation-valais.ch\/les-5-cliniques-de-readaptation-en-valais\/wp-json\/wp\/v2\/pages"}],"about":[{"href":"https:\/\/www.readaptation-valais.ch\/les-5-cliniques-de-readaptation-en-valais\/wp-json\/wp\/v2\/types\/page"}],"author":[{"embeddable":true,"href":"https:\/\/www.readaptation-valais.ch\/les-5-cliniques-de-readaptation-en-valais\/wp-json\/wp\/v2\/users\/2"}],"replies":[{"embeddable":true,"href":"https:\/\/www.readaptation-valais.ch\/les-5-cliniques-de-readaptation-en-valais\/wp-json\/wp\/v2\/comments?post=8"}],"version-history":[{"count":17,"href":"https:\/\/www.readaptation-valais.ch\/les-5-cliniques-de-readaptation-en-valais\/wp-json\/wp\/v2\/pages\/8\/revisions"}],"predecessor-version":[{"id":82,"href":"https:\/\/www.readaptation-valais.ch\/les-5-cliniques-de-readaptation-en-valais\/wp-json\/wp\/v2\/pages\/8\/revisions\/82"}],"wp:attachment":[{"href":"https:\/\/www.readaptation-valais.ch\/les-5-cliniques-de-readaptation-en-valais\/wp-json\/wp\/v2\/media?parent=8"}],"curies":[{"name":"wp","href":"https:\/\/api.w.org\/{rel}","templated":true}]}}